{"id":13,"date":"2024-03-05T14:24:57","date_gmt":"2024-03-05T14:24:57","guid":{"rendered":"https:\/\/asmad-dz.com\/?page_id=13"},"modified":"2024-09-08T18:59:21","modified_gmt":"2024-09-08T18:59:21","slug":"accueil","status":"publish","type":"page","link":"https:\/\/asmad-dz.com\/","title":{"rendered":"Accueil"},"content":{"rendered":"\n<h2 class=\"wp-block-heading has-text-align-center\"><strong><em>EVENE<\/em><\/strong>MENTS<\/h2>\n\n\n\n<p>Appel \u00e0 communication du 23 \u00e9me congr\u00e8s national de psychiatrie qui aura lieu le 10 avril 2025 \u00e0 Tizi-Ouzou.<\/p>\n\n\n\n<p>\ud83c\udf38 bienvenue \ud83c\udf38<\/p>\n\n\n\n\n\n\n\n<p>03-07-2024 : Participation du Pr ZIRI chef de service de Psychiatrie-Addictologie du CHU de Tizi-Ouzou \u00e0 la<br>Journ\u00e9e d&rsquo;\u00e9tudes sur les UDI (unit\u00e9 de d\u00e9pistage des injecteurs) , Organis\u00e9e par la Direction g\u00e9n\u00e9rale des services de sant\u00e9 du minist\u00e8re de la sant\u00e9 .<\/p>\n\n\n\n\n\n\n\n<p>Le 27\/06\/2024:<br>La soci\u00e9t\u00e9 alg\u00e9rienne d&rsquo;addictologie et l&rsquo;association des psychiatres du djurdjura ont invit\u00e9 deux experts nationaux :<br>Dr Sadki Idris Psychiatre priv\u00e9 et sexoth\u00e9rapeute \u00e0 Alger qui a anim\u00e9 la premi\u00e8re conf\u00e9rence intitul\u00e9e :<br>Sexualit\u00e9 au masculin, troubles \u00e9rectiles et actualit\u00e9s th\u00e9rapeutiques.<br>Pr kara Amel Psychiatre priv\u00e9 et sexoth\u00e9rapeute \u00e0 Alger a pr\u00e9sent\u00e9 la deuxi\u00e8me conf\u00e9rence:les psychoth\u00e9rapies en sexologie masuculine.<br>Ces deux conf\u00e9rences ont \u00e9t\u00e9 mod\u00e9r\u00e9es Par les Pr Ziri Abbes Chef de service de psychiatrie addictologie CHU Nedir mohamed et Pr Souhila Seklaoui m\u00e9decin chef d&rsquo;unit\u00e9 CHU Nedir mohamed Tizi-Ouzou.<br>Lieu des conf\u00e9rences :Salle de travail du service de psychiatrie addictologie CHU Nedir mohamed Tizi-Ouzou.<\/p>\n\n\n\n\n\n\n\n<p>Le 24-06-2024:<br>Dans le cadre du programme des activit\u00e9s scientifiques et de recherche pour l&rsquo;ann\u00e9e 2024,La soci\u00e9t\u00e9 alg\u00e9rienne d&rsquo;addictologie et l&rsquo;association des psychiatres du djurdjura ont organis\u00e9 :<br>une conf\u00e9rence sur la r\u00e9quisition en psychiatrie .<br>Cette conf\u00e9rence-d\u00e9bat est anim\u00e9e par le Pr Bencharif Mohammed El Amin<br>Mod\u00e9rateur :Pr Ziri abbes.<br>Lieu de la conf\u00e9rence :Salle de travail du service de psychiatrie-addictologie CHU Nedir mohamed Tizi-Ouzou.<\/p>\n\n\n\n\n\n\n\n<p><\/p>\n\n\n\n<p>Le barreau de Tizi-Ouzou a organis\u00e9 une journ\u00e9e de formation sur la toxicomanie le 02\/06\/2024.<br>Lieu :la cour de Tizi-Ouzou .<br>Le Pr Ziri Abbes a pr\u00e9sent\u00e9 une conf\u00e9rence intitul\u00e9e : La justice au service du citoyen :<br>Apport de la nouvelle loi 23\/05 dans la prise en charge des toxicomanes, \u00e0 travers une enqu\u00eate prospective dans le service psychiatrie-addictologie du CHU nedir mohamed.<br>Au terme de la conf\u00e9rence le barreau a d\u00e9cern\u00e9 une reconnaissance au Pr Ziri pour tous les efforts qu&rsquo;il fournit pour la prise en charge des toxicomanes.<\/p>\n\n\n\n\n\n\n\n<p>H\u00f4tel Aurassi le 25\/05\/2024<br>Le soci\u00e9t\u00e9 alg\u00e9rienne d&rsquo;\u00e9valuation et de traitement de la douleur a organis\u00e9 un congr\u00e8 national de lutte contre la douleur .<br>Le Pr Ziri abbes a mod\u00e9r\u00e9 la 2\u00e9me s\u00e9ance de la matin\u00e9e en compagnie du Pr Fellah Nadia presidente de la SAETD , le m\u00e9decin chef de m\u00e9decine l\u00e9gale de Bab el oued le Pr Haroual et le dr Hadj hamou.<br>Le Pr Ziri a pr\u00e9sent\u00e9 une communication sur la pr\u00e9gabaline \u00ab\u00a0lyrica\u00a0\u00bb une enqu\u00eate prospective au service de psychiatrie-Addictologie du CHU Nedir mohamed Tizi-Ouzou.<\/p>\n\n\n\n\n\n\n\n<p><\/p>\n\n\n\n<p>Retour en images(15\/04\/2024) : Semaine Nationale de pr\u00e9vention<\/p>\n\n\n\n<p>Sous L&rsquo;\u00e9gide du wali Djilali Doumi et de la Direction de la sant\u00e9 et de la population de la wilaya de Tizi-ouzou,Le professeur Abbes Ziri chef de service de psychiatrie-addictologie au CHU de Tizi-Ouzou a particip\u00e9 au lancement des activit\u00e9s officielles de la Semaine Nationale de pr\u00e9vention allant du 15 au 21 Avril 2024 sous le th\u00e8me:\u00a0\u00bbMode de vie sain pour tous\u00a0\u00bb organis\u00e9e au niveau de la Maison de la Culture <a><\/a>\u00ab\u00a0Mouloud Mammeri \u00ab\u00a0de Tizi-ouzou<\/p>\n\n\n\n\n\n\n\n<p class=\"has-text-align-center\">2\/03\/2024 Retour en images du 22 \u00e8me congr\u00e8s national annuel de psychiatrie sous le th\u00e8me : ADDICTIONS, \u00e9tat des lieux et perspectives.<\/p>\n\n\n\n<p class=\"has-text-align-center\"><\/p>\n\n\n\n<p class=\"has-text-align-center\">22-02-2024 :Participation du Professeur Ziri Abbes a la journ\u00e9e organis\u00e9e par la facult\u00e9 de droit de UMMTO sous le th\u00e8me :<\/p>\n\n\n\n<p class=\"has-text-align-center\">Rencontre nationale sur l&rsquo;actualit\u00e9 des textes l\u00e9gislatifs r\u00e9gissant les substances psychoactives, aspets pr\u00e9ventifs et r\u00e9pressifs<\/p>\n\n\n\n<p class=\"has-text-align-center\"><\/p>\n\n\n\n<p class=\"has-text-align-center\">Le 13\/02\/2024,Service de psychiatrie formation sur l&rsquo;EFT technique de lib\u00e9ration \u00e9motionnelle avec le Dr leila boumghar en pr\u00e9sence du Pr Ziri Abbes<\/p>\n\n\n\n<p class=\"has-text-align-center\"><\/p>\n\n\n\n<p class=\"has-text-align-center\">11-01-2024: journ\u00e9e de formation sur l&rsquo;hypnoth\u00e9rapie avec le Professeur KACHA , organis\u00e9e par le professeur ZIRI au service de psychiatrie du CHU de Tizi-ouzou<\/p>\n\n\n\n<p class=\"has-text-align-center\"><\/p>\n\n\n\n<p class=\"has-text-align-center\">30-11-2023 : 24 \u00e8mes journ\u00e9es nationales de psychiatrie organis\u00e9es par la soci\u00e9t\u00e9 Alg\u00e9rienne de psychiatrie.<\/p>\n\n\n\n<p class=\"has-text-align-center\"><\/p>\n\n\n\n<p class=\"has-text-align-center\">Inauguration aujourd&rsquo;hui le 26\/09\/2023 de l&rsquo;unit\u00e9 METHADONE du service de psychiatrie et<br>addictologie du CHU nedir Mohamed de Tizi-Ouazou, par Mr le wali de Tizi-Ouzou Doumi<br>djilali accompagn\u00e9 par les monsieurs les membres de la commission de s\u00e9curit\u00e9 et Mr le procureur<br>g\u00e9n\u00e9ral aupr\u00e9s de la cour de Tizi-ouzou et Mr le directeur de la sant\u00e9<\/p>\n\n\n\n\n\n\n\n<p><\/p>\n","protected":false},"excerpt":{"rendered":"<p>EVENEMENTS Appel \u00e0 communication du 23 \u00e9me congr\u00e8s national de psychiatrie qui aura lieu le 10 avril 2025 \u00e0 Tizi-Ouzou. \ud83c\udf38 bienvenue \ud83c\udf38 03-07-2024 : Participation du Pr ZIRI chef de service de Psychiatrie-Addictologie du CHU de Tizi-Ouzou \u00e0 laJourn\u00e9e d&rsquo;\u00e9tudes sur les UDI (unit\u00e9 de d\u00e9pistage des injecteurs) , [&hellip;]<\/p>\n","protected":false},"author":1,"featured_media":41,"parent":0,"menu_order":0,"comment_status":"closed","ping_status":"closed","template":"","meta":{"footnotes":""},"class_list":["post-13","page","type-page","status-publish","has-post-thumbnail","hentry"],"_links":{"self":[{"href":"https:\/\/asmad-dz.com\/index.php\/wp-json\/wp\/v2\/pages\/13","targetHints":{"allow":["GET"]}}],"collection":[{"href":"https:\/\/asmad-dz.com\/index.php\/wp-json\/wp\/v2\/pages"}],"about":[{"href":"https:\/\/asmad-dz.com\/index.php\/wp-json\/wp\/v2\/types\/page"}],"author":[{"embeddable":true,"href":"https:\/\/asmad-dz.com\/index.php\/wp-json\/wp\/v2\/users\/1"}],"replies":[{"embeddable":true,"href":"https:\/\/asmad-dz.com\/index.php\/wp-json\/wp\/v2\/comments?post=13"}],"version-history":[{"count":27,"href":"https:\/\/asmad-dz.com\/index.php\/wp-json\/wp\/v2\/pages\/13\/revisions"}],"predecessor-version":[{"id":286,"href":"https:\/\/asmad-dz.com\/index.php\/wp-json\/wp\/v2\/pages\/13\/revisions\/286"}],"wp:featuredmedia":[{"embeddable":true,"href":"https:\/\/asmad-dz.com\/index.php\/wp-json\/wp\/v2\/media\/41"}],"wp:attachment":[{"href":"https:\/\/asmad-dz.com\/index.php\/wp-json\/wp\/v2\/media?parent=13"}],"curies":[{"name":"wp","href":"https:\/\/api.w.org\/{rel}","templated":true}]}}